{"id":12,"date":"2022-07-14T08:33:57","date_gmt":"2022-07-14T06:33:57","guid":{"rendered":"https:\/\/comprensivofrosinone3.edu.it\/scuola\/index.php\/la-scuola\/presentazione\/"},"modified":"2024-09-26T20:10:49","modified_gmt":"2024-09-26T18:10:49","slug":"presentazione","status":"publish","type":"page","link":"https:\/\/comprensivofrosinone3.edu.it\/scuola\/la-scuola\/presentazione\/","title":{"rendered":"Presentazione"},"content":{"rendered":"<p>L&#8217;Istituto \u00e8 ubicato n<img loading=\"lazy\" decoding=\"async\" class=\"size-medium wp-image-2059 alignright\" src=\"https:\/\/comprensivofrosinone3.edu.it\/scuola\/wp-content\/uploads\/2024\/09\/WhatsApp-Image-2024-09-19-at-17.18.20-300x225.jpeg\" alt=\"\" width=\"300\" height=\"225\" srcset=\"https:\/\/comprensivofrosinone3.edu.it\/scuola\/wp-content\/uploads\/2024\/09\/WhatsApp-Image-2024-09-19-at-17.18.20-300x225.jpeg 300w, https:\/\/comprensivofrosinone3.edu.it\/scuola\/wp-content\/uploads\/2024\/09\/WhatsApp-Image-2024-09-19-at-17.18.20-1024x768.jpeg 1024w, https:\/\/comprensivofrosinone3.edu.it\/scuola\/wp-content\/uploads\/2024\/09\/WhatsApp-Image-2024-09-19-at-17.18.20-768x576.jpeg 768w, https:\/\/comprensivofrosinone3.edu.it\/scuola\/wp-content\/uploads\/2024\/09\/WhatsApp-Image-2024-09-19-at-17.18.20-1536x1152.jpeg 1536w, https:\/\/comprensivofrosinone3.edu.it\/scuola\/wp-content\/uploads\/2024\/09\/WhatsApp-Image-2024-09-19-at-17.18.20-333x250.jpeg 333w, https:\/\/comprensivofrosinone3.edu.it\/scuola\/wp-content\/uploads\/2024\/09\/WhatsApp-Image-2024-09-19-at-17.18.20.jpeg 1600w\" sizes=\"auto, (max-width: 300px) 100vw, 300px\" \/>ella parte alta della citt\u00e0. I plessi si trovano nel centro storico, luogo di tradizioni e identit\u00e0 culturale custodite attraverso le generazioni. Questo fattore determina l&#8217;esistenza di un bacino di utenza storico, portatore di una memoria collettiva che \u00e8 elemento prezioso della nostra scuola, inserita in una realt\u00e0 testimonianza delle radici, di rielaborazione e di produzione di cultura, nonch\u00e9 contesto di partecipazione democratica. L&#8217;Istituto si arricchisce di alunni provenienti dal territorio circostante e di allievi con background migratorio (dato percentuale superiore ai benchmark di riferimento). La Scuola utilizza un protocollo di accoglienza alunni stranieri. In questo territorio, in cui convivono senso di appartenenza e attaccamento alla propria identit\u00e0, accanto a nuovi insediamenti di diversa provenienza, la scuola svolge un significativo ruolo culturale e sociale. Si registra una sempre maggiore presenza di alunni con BES (un&#8217;alta percentuale della popolazione scolastica) che si iscrivono grazie alla didattica inclusiva adottata. Questo rappresenta un punto di forza dell&#8217;Istituto che spinge verso metodologie personalizzate in base all&#8217;analisi dei bisogni. Il contesto socio-economico \u00e8 estremamente vario ed eterogeneo, passando da fasce disagiate a famiglie di professionisti con risorse economiche e culturali elevate. Nonostante la forte variabilit\u00e0 dell&#8217;ESCS, i risultati di apprendimento testimoniano il successo formativo degli alunni.<\/p>\n","protected":false},"excerpt":{"rendered":"<p>L&#8217;Istituto \u00e8 ubicato nella parte alta della citt\u00e0. I plessi si trovano nel centro storico, luogo di tradizioni e identit\u00e0 culturale custodite attraverso le generazioni. Questo fattore determina l&#8217;esistenza di un bacino di utenza storico, portatore [&hellip;]<\/p>\n","protected":false},"author":1,"featured_media":0,"parent":5,"menu_order":0,"comment_status":"closed","ping_status":"closed","template":"","meta":{"footnotes":""},"tags":[],"class_list":["post-12","page","type-page","status-publish","hentry"],"_links":{"self":[{"href":"https:\/\/comprensivofrosinone3.edu.it\/scuola\/wp-json\/wp\/v2\/pages\/12","targetHints":{"allow":["GET"]}}],"collection":[{"href":"https:\/\/comprensivofrosinone3.edu.it\/scuola\/wp-json\/wp\/v2\/pages"}],"about":[{"href":"https:\/\/comprensivofrosinone3.edu.it\/scuola\/wp-json\/wp\/v2\/types\/page"}],"author":[{"embeddable":true,"href":"https:\/\/comprensivofrosinone3.edu.it\/scuola\/wp-json\/wp\/v2\/users\/1"}],"replies":[{"embeddable":true,"href":"https:\/\/comprensivofrosinone3.edu.it\/scuola\/wp-json\/wp\/v2\/comments?post=12"}],"version-history":[{"count":3,"href":"https:\/\/comprensivofrosinone3.edu.it\/scuola\/wp-json\/wp\/v2\/pages\/12\/revisions"}],"predecessor-version":[{"id":2061,"href":"https:\/\/comprensivofrosinone3.edu.it\/scuola\/wp-json\/wp\/v2\/pages\/12\/revisions\/2061"}],"up":[{"embeddable":true,"href":"https:\/\/comprensivofrosinone3.edu.it\/scuola\/wp-json\/wp\/v2\/pages\/5"}],"wp:attachment":[{"href":"https:\/\/comprensivofrosinone3.edu.it\/scuola\/wp-json\/wp\/v2\/media?parent=12"}],"wp:term":[{"taxonomy":"post_tag","embeddable":true,"href":"https:\/\/comprensivofrosinone3.edu.it\/scuola\/wp-json\/wp\/v2\/tags?post=12"}],"curies":[{"name":"wp","href":"https:\/\/api.w.org\/{rel}","templated":true}]}}